{"id":13,"date":"2015-03-16T12:01:36","date_gmt":"2015-03-16T12:01:36","guid":{"rendered":"http:\/\/ivicom-consulting.com\/ivicom-energy\/web\/?page_id=13"},"modified":"2026-04-28T08:14:26","modified_gmt":"2026-04-28T08:14:26","slug":"o-nama","status":"publish","type":"page","link":"https:\/\/ivicom-energy.com\/web\/?page_id=13","title":{"rendered":"O nama"},"content":{"rendered":"<p>Investitor izgradnje Vetroelektrane \u201cKriva\u010da\u201d je dru\u0161tvo sa ograni\u010denom odgovorno\u0161\u0107u Ivicom Energy d.o.o. sa sedi\u0161tem u Ulici Mihajla Pupina 115e, Novi Beograd. Dru\u0161tvo je osnovano 2009. godine kao preduze\u0107e (start-up company) sa ciljem istra\u017eivanja vetropotencijala i razvoja projekata vetroelektrana na podru\u010dju Republike Srbije.<\/p>\n<p>Ivicom Energy d.o.o. je preduze\u0107e u vlasni\u0161tvu slede\u0107ih pravnih lica:<\/p>\n<ul>\n<li>&#8211; ALFI Renewables, upravljanje skladov, d.o.o.<\/li>\n<li>&#8211; LAMIUM TRADE LIMITED<\/li>\n<\/ul>\n<p>IVICOM ENERGY DOO BEOGRAD<br \/>\nDRU\u0160TVO ZA INVESTICIJE I PROIZVODNJU ELEKTRI\u010cNE ENERGIJE<br \/>\nBulevar Arsenija \u010carnojevi\u0107a 59b<br \/>\n11070 Novi Beograd, Srbija<\/p>\n<p>Kontakt: <a href=\"mailto:info@ivicom-energy.com\">info@ivicom-energy.com<\/a><\/p>\n<section class=\"company-certificate\">\n<h2>Bonitetna ocena<\/h2>\n<p>\n    IVICOM ENERGY DOO BEOGRAD nosilac je bonitetne ocene A+ za 2026. godinu,<br \/>\n    koja potvr\u0111uje da se kompanija nalazi u grupi preduze\u0107a sa najboljom bonitetnom ocenom u Srbiji.\n  <\/p>\n<p>  <a href=\"https:\/\/ivicom-energy.com\/web\/wp-content\/uploads\/2026\/04\/FinCertificateFull_262077_105902841_1-1.pdf\" target=\"_blank\" rel=\"noopener\"><br \/>\n    Preuzmite sertifikat<br \/>\n  <\/a><br \/>\n<\/section>\n","protected":false},"excerpt":{"rendered":"<p>Investitor izgradnje Vetroelektrane \u201cKriva\u010da\u201d je dru\u0161tvo sa ograni\u010denom odgovorno\u0161\u0107u Ivicom Energy d.o.o. sa sedi\u0161tem u Ulici Mihajla Pupina 115e, Novi Beograd. Dru\u0161tvo je osnovano 2009. godine kao preduze\u0107e (start-up company) sa ciljem istra\u017eivanja vetropotencijala i razvoja projekata vetroelektrana na podru\u010dju Republike Srbije. Ivicom Energy d.o.o. je preduze\u0107e u vlasni\u0161tvu slede\u0107ih pravnih lica: &#8211; ALFI Renewables, [&hellip;]<\/p>\n","protected":false},"author":1,"featured_media":0,"parent":0,"menu_order":0,"comment_status":"closed","ping_status":"closed","template":"","meta":{"footnotes":""},"class_list":["post-13","page","type-page","status-publish","hentry"],"_links":{"self":[{"href":"https:\/\/ivicom-energy.com\/web\/index.php?rest_route=\/wp\/v2\/pages\/13","targetHints":{"allow":["GET"]}}],"collection":[{"href":"https:\/\/ivicom-energy.com\/web\/index.php?rest_route=\/wp\/v2\/pages"}],"about":[{"href":"https:\/\/ivicom-energy.com\/web\/index.php?rest_route=\/wp\/v2\/types\/page"}],"author":[{"embeddable":true,"href":"https:\/\/ivicom-energy.com\/web\/index.php?rest_route=\/wp\/v2\/users\/1"}],"replies":[{"embeddable":true,"href":"https:\/\/ivicom-energy.com\/web\/index.php?rest_route=%2Fwp%2Fv2%2Fcomments&post=13"}],"version-history":[{"count":12,"href":"https:\/\/ivicom-energy.com\/web\/index.php?rest_route=\/wp\/v2\/pages\/13\/revisions"}],"predecessor-version":[{"id":534,"href":"https:\/\/ivicom-energy.com\/web\/index.php?rest_route=\/wp\/v2\/pages\/13\/revisions\/534"}],"wp:attachment":[{"href":"https:\/\/ivicom-energy.com\/web\/index.php?rest_route=%2Fwp%2Fv2%2Fmedia&parent=13"}],"curies":[{"name":"wp","href":"https:\/\/api.w.org\/{rel}","templated":true}]}}