{"id":162,"date":"2015-03-24T09:23:15","date_gmt":"2015-03-24T09:23:15","guid":{"rendered":"http:\/\/ivicom-energy.com\/web\/?page_id=162"},"modified":"2015-04-02T10:58:45","modified_gmt":"2015-04-02T10:58:45","slug":"energija-vjetra","status":"publish","type":"page","link":"https:\/\/ivicom-energy.com\/web\/?page_id=162","title":{"rendered":"Energija vetra"},"content":{"rendered":"<p>Vetar nastaje kretanjem vazduha iz oblasti visokog pritiska zraka prema oblasti niskog pritiska zraka. U stvari, vetar postoji jer Sunce neravnomerno zagrejava povr\u0161inu Zemlje. Kako se topli vazduh podi\u017ee, hladniji vazduh se krec\u0301e da popuni nastalu prazninu. Sve dok Sunce sija, vetar c\u0301e postojati.<\/p>\n<p>Drevni moreplovci koristili su jedra za hvatanje vetra i istra\u017eivanje sveta. Poljoprivrednici su nekada koristili vetrenja\u010de za mljevenje \u017eitarica i pumpanje vode. Danas, sve vi\u0161e ljudi koriste vetar za proizvodnju elektri\u010dne energije. Tokom protekle decenije, upotreba vetroturbina povec\u0301ala na vi\u0161e od 25% godi\u0161nje. Ipak, ona \u010dini samo mali deo svetske energije.<\/p>\n<p>Vetar je \u010dist i obnovljiv izvor energije koji ne proizvodi zaga\u0111enje vazduha ili vode. A po\u0161to je vetar besplatan, ulazni tro\u0161kovi su skoro nula u trenutku kada je vetroturbina montirana. Masovna proizvodnja i tehnolo\u0161ki napredak \u010dine vetroturbine sve jeftinijima, a mnoge vlade nude poreske olak\u0161ice za podsticanje razvoja vetroenergije.<br \/>\nStru\u010dnjaci iz oblasti energetike predvi\u0111aju da c\u0301e se do 2050. godine, ako se ovaj tempo rasta nastavi, odgovor na jednu trec\u0301inu svetskih potreba za elektri\u010dnom energijom nac\u0301i upravo u vetru.<\/p>\n<p><em>Izvor: National Geographic<\/em><\/p>\n","protected":false},"excerpt":{"rendered":"<p>Vetar nastaje kretanjem vazduha iz oblasti visokog pritiska zraka prema oblasti niskog pritiska zraka. U stvari, vetar postoji jer Sunce neravnomerno zagrejava povr\u0161inu Zemlje. Kako se topli vazduh podi\u017ee, hladniji vazduh se krec\u0301e da popuni nastalu prazninu. Sve dok Sunce sija, vetar c\u0301e postojati. Drevni moreplovci koristili su jedra za hvatanje vetra i istra\u017eivanje sveta. [&hellip;]<\/p>\n","protected":false},"author":1,"featured_media":305,"parent":0,"menu_order":0,"comment_status":"closed","ping_status":"open","template":"","meta":{"footnotes":""},"class_list":["post-162","page","type-page","status-publish","has-post-thumbnail","hentry"],"_links":{"self":[{"href":"https:\/\/ivicom-energy.com\/web\/index.php?rest_route=\/wp\/v2\/pages\/162","targetHints":{"allow":["GET"]}}],"collection":[{"href":"https:\/\/ivicom-energy.com\/web\/index.php?rest_route=\/wp\/v2\/pages"}],"about":[{"href":"https:\/\/ivicom-energy.com\/web\/index.php?rest_route=\/wp\/v2\/types\/page"}],"author":[{"embeddable":true,"href":"https:\/\/ivicom-energy.com\/web\/index.php?rest_route=\/wp\/v2\/users\/1"}],"replies":[{"embeddable":true,"href":"https:\/\/ivicom-energy.com\/web\/index.php?rest_route=%2Fwp%2Fv2%2Fcomments&post=162"}],"version-history":[{"count":5,"href":"https:\/\/ivicom-energy.com\/web\/index.php?rest_route=\/wp\/v2\/pages\/162\/revisions"}],"predecessor-version":[{"id":302,"href":"https:\/\/ivicom-energy.com\/web\/index.php?rest_route=\/wp\/v2\/pages\/162\/revisions\/302"}],"wp:featuredmedia":[{"embeddable":true,"href":"https:\/\/ivicom-energy.com\/web\/index.php?rest_route=\/wp\/v2\/media\/305"}],"wp:attachment":[{"href":"https:\/\/ivicom-energy.com\/web\/index.php?rest_route=%2Fwp%2Fv2%2Fmedia&parent=162"}],"curies":[{"name":"wp","href":"https:\/\/api.w.org\/{rel}","templated":true}]}}