{"id":19,"date":"2015-03-16T12:02:22","date_gmt":"2015-03-16T12:02:22","guid":{"rendered":"http:\/\/ivicom-consulting.com\/ivicom-energy\/web\/?page_id=19"},"modified":"2023-05-17T07:09:04","modified_gmt":"2023-05-17T07:09:04","slug":"dokumenti","status":"publish","type":"page","link":"https:\/\/ivicom-energy.com\/web\/?page_id=19","title":{"rendered":"Dokumenti"},"content":{"rendered":"<p><a href=\"https:\/\/ivicom-energy.com\/web\/wp-content\/uploads\/2022\/06\/STUDIJA-VE-Kriva\u010da-avgust-2020-Prilozi.pdf\" target=\"_blank\" rel=\"noopener\"><img loading=\"lazy\" decoding=\"async\" class=\"alignnone wp-image-134 size-full\" src=\"https:\/\/ivicom-energy.com\/web\/wp-content\/uploads\/2015\/03\/doc_pdf.png\" alt=\"doc_pdf\" width=\"52\" height=\"61\" \/><\/a><a href=\"https:\/\/ivicom-energy.com\/web\/wp-content\/uploads\/2022\/06\/Saglasnost-na-Studiju-2020.pdf\" target=\"_blank\" rel=\"noopener\">Studija o proceni uticaja na \u017eivotnu sredinu projekta izgradnje Vetroelektrane Kriva\u010da \u2013 avgust 2020<\/a><\/p>\n<p><a href=\"https:\/\/ivicom-energy.com\/web\/wp-content\/uploads\/2022\/06\/STUDIJA-VE-Kriva\u010da-avgust-2020-Prilozi-1.pdf\" target=\"_blank\" rel=\"noopener\"><img loading=\"lazy\" decoding=\"async\" class=\"alignnone wp-image-134 size-full\" src=\"https:\/\/ivicom-energy.com\/web\/wp-content\/uploads\/2015\/03\/doc_pdf.png\" alt=\"doc_pdf\" width=\"52\" height=\"61\" \/><\/a><a href=\"https:\/\/ivicom-energy.com\/web\/wp-content\/uploads\/2022\/06\/Saglasnost-na-Studiju-2020.pdf\" target=\"_blank\" rel=\"noopener\">Studija o proceni uticaja na \u017eivotnu sredinu projekta izgradnje Vetroelektrane Kriva\u010da Prilozi \u2013 avgust 2020<\/a><\/p>\n<p><a href=\"https:\/\/ivicom-energy.com\/web\/wp-content\/uploads\/2022\/06\/Saglasnost-na-Studiju-2020.pdf\" target=\"_blank\" rel=\"noopener\"><img loading=\"lazy\" decoding=\"async\" class=\"alignnone wp-image-134 size-full\" src=\"https:\/\/ivicom-energy.com\/web\/wp-content\/uploads\/2015\/03\/doc_pdf.png\" alt=\"doc_pdf\" width=\"52\" height=\"61\" \/><\/a>Saglasnost Ministarstva \u2013 okt 2020<\/p>\n<p data-wp-editing=\"1\"><a href=\"https:\/\/ivicom-energy.com\/web\/wp-content\/uploads\/2022\/12\/SEP-Krivaca-nov.-2022-srb.pdf\" target=\"_blank\" rel=\"noopener\"><img loading=\"lazy\" decoding=\"async\" class=\"alignnone wp-image-134 size-full\" src=\"https:\/\/ivicom-energy.com\/web\/wp-content\/uploads\/2015\/03\/doc_pdf.png\" alt=\"doc_pdf\" width=\"52\" height=\"61\" \/><\/a>Plan anga\u017eovanja zainteresovanih strana<\/p>\n<p><a href=\"https:\/\/ivicom-energy.com\/web\/wp-content\/uploads\/2022\/12\/ESAP-nov.-2022.-srp.pdf\" target=\"_blank\" rel=\"noopener\"><img loading=\"lazy\" decoding=\"async\" class=\"alignnone wp-image-134 size-full\" src=\"https:\/\/ivicom-energy.com\/web\/wp-content\/uploads\/2015\/03\/doc_pdf.png\" alt=\"doc_pdf\" width=\"52\" height=\"61\" \/><\/a> Akcijski plan za za\u0161titu \u017eivotne sredine i unapre\u0111enje dru\u0161tva<\/p>\n<p><a href=\"https:\/\/ivicom-energy.com\/web\/wp-content\/uploads\/2022\/09\/Ivicom-Energy-Prituzba-Grievance.pdf\" target=\"_blank\" rel=\"noopener\"><img loading=\"lazy\" decoding=\"async\" class=\"alignnone wp-image-134 size-full\" src=\"https:\/\/ivicom-energy.com\/web\/wp-content\/uploads\/2015\/03\/doc_pdf.png\" alt=\"doc_pdf\" width=\"52\" height=\"61\" \/><\/a> Formular za pritu\u017ebe<\/p>\n","protected":false},"excerpt":{"rendered":"<p>Studija o proceni uticaja na \u017eivotnu sredinu projekta izgradnje Vetroelektrane Kriva\u010da \u2013 avgust 2020 Studija o proceni uticaja na \u017eivotnu sredinu projekta izgradnje Vetroelektrane Kriva\u010da Prilozi \u2013 avgust 2020 Saglasnost Ministarstva \u2013 okt 2020 Plan anga\u017eovanja zainteresovanih strana Akcijski plan za za\u0161titu \u017eivotne sredine i unapre\u0111enje dru\u0161tva Formular za pritu\u017ebe<\/p>\n","protected":false},"author":1,"featured_media":273,"parent":0,"menu_order":0,"comment_status":"closed","ping_status":"closed","template":"","meta":{"footnotes":""},"class_list":["post-19","page","type-page","status-publish","has-post-thumbnail","hentry"],"_links":{"self":[{"href":"https:\/\/ivicom-energy.com\/web\/index.php?rest_route=\/wp\/v2\/pages\/19","targetHints":{"allow":["GET"]}}],"collection":[{"href":"https:\/\/ivicom-energy.com\/web\/index.php?rest_route=\/wp\/v2\/pages"}],"about":[{"href":"https:\/\/ivicom-energy.com\/web\/index.php?rest_route=\/wp\/v2\/types\/page"}],"author":[{"embeddable":true,"href":"https:\/\/ivicom-energy.com\/web\/index.php?rest_route=\/wp\/v2\/users\/1"}],"replies":[{"embeddable":true,"href":"https:\/\/ivicom-energy.com\/web\/index.php?rest_route=%2Fwp%2Fv2%2Fcomments&post=19"}],"version-history":[{"count":59,"href":"https:\/\/ivicom-energy.com\/web\/index.php?rest_route=\/wp\/v2\/pages\/19\/revisions"}],"predecessor-version":[{"id":503,"href":"https:\/\/ivicom-energy.com\/web\/index.php?rest_route=\/wp\/v2\/pages\/19\/revisions\/503"}],"wp:featuredmedia":[{"embeddable":true,"href":"https:\/\/ivicom-energy.com\/web\/index.php?rest_route=\/wp\/v2\/media\/273"}],"wp:attachment":[{"href":"https:\/\/ivicom-energy.com\/web\/index.php?rest_route=%2Fwp%2Fv2%2Fmedia&parent=19"}],"curies":[{"name":"wp","href":"https:\/\/api.w.org\/{rel}","templated":true}]}}